{"id":49,"date":"2017-04-06T16:48:00","date_gmt":"2017-04-06T15:48:00","guid":{"rendered":"http:\/\/pilates.sport.hu\/?page_id=49"},"modified":"2025-08-21T09:58:55","modified_gmt":"2025-08-21T07:58:55","slug":"impresszum","status":"publish","type":"page","link":"https:\/\/uppilatesstudio.hu\/en\/impresszum\/","title":{"rendered":"masthead"},"content":{"rendered":"<div data-elementor-type=\"wp-page\" data-elementor-id=\"49\" class=\"elementor elementor-49\" data-elementor-post-type=\"page\">\n\t\t\t\t<div class=\"elementor-element elementor-element-ec1c471 e-flex e-con-boxed e-con e-parent\" data-id=\"ec1c471\" data-element_type=\"container\" data-e-type=\"container\" data-settings=\"{&quot;background_background&quot;:&quot;classic&quot;}\">\n\t\t\t\t\t<div class=\"e-con-inner\">\n\t\t\t\t<div class=\"elementor-element elementor-element-5d04b43 elementor-widget elementor-widget-heading\" data-id=\"5d04b43\" data-element_type=\"widget\" data-e-type=\"widget\" data-widget_type=\"heading.default\">\n\t\t\t\t<div class=\"elementor-widget-container\">\n\t\t\t\t\t<h2 class=\"elementor-heading-title elementor-size-default\">masthead<\/h2>\t\t\t\t<\/div>\n\t\t\t\t<\/div>\n\t\t\t\t\t<\/div>\n\t\t\t\t<\/div>\n\t\t<div class=\"elementor-element elementor-element-c5f2769 e-flex e-con-boxed e-con e-parent\" data-id=\"c5f2769\" data-element_type=\"container\" data-e-type=\"container\">\n\t\t\t\t\t<div class=\"e-con-inner\">\n\t\t<div class=\"elementor-element elementor-element-12d54b3 e-con-full e-flex e-con e-child\" data-id=\"12d54b3\" data-element_type=\"container\" data-e-type=\"container\">\n\t\t\t\t<div class=\"elementor-element elementor-element-4287fd2 elementor-widget elementor-widget-text-editor\" data-id=\"4287fd2\" data-element_type=\"widget\" data-e-type=\"widget\" data-widget_type=\"text-editor.default\">\n\t\t\t\t<div class=\"elementor-widget-container\">\n\t\t\t\t\t\t\t\t\t<p style=\"text-align: left;\">Company details:<br \/>Company name: Pi Health Ltd.<br \/>Registered office: 2120, Dunakeszi, Vad\u00e1sz u. 57.<br \/>Location: <span style=\"font-weight: 400;\">1117, Budapest, Bogd\u00e1nfy u. 4\/b Fsz. 1.<\/span><br \/>Tax number: 23990407-2-13<br \/>Company registration number: 13-09-157837<br \/>NAIH number: NAIH-118335\/2017<br \/>Start of status: 19.06.2012.<br \/>Bank account number: Raiffeisen Bank 12010154-01352249-00100003<br \/>Tel. : +36 20 959 0714<br \/>E-mail: jancsovera@gmail.com<\/p><p style=\"text-align: left;\">Details of the website hosting provider:<br \/>Company name: DEVBOX Kft.<br \/>Registered office: 7054 Tengelic, R\u00e1k\u00f3czi Ferenc u. 9.<br \/>Company registration number: 17-09-010568<br \/>Tax number: 25170605-2-17<br \/>Registering authority: the Company Court of Szeksz\u00e1rd General Court<\/p>\t\t\t\t\t\t\t\t<\/div>\n\t\t\t\t<\/div>\n\t\t\t\t<\/div>\n\t\t\t\t\t<\/div>\n\t\t\t\t<\/div>\n\t\t\t\t<\/div>","protected":false},"excerpt":{"rendered":"<p>Impresszum C\u00e9g adatai:C\u00e9g neve: Pi Health Kft.Sz\u00e9khely: 2120, Dunakeszi, Vad\u00e1sz u. 57.Telephely: 1117, Budapest, Bogd\u00e1nfy u. 4\/b Fsz. 1.Ad\u00f3sz\u00e1m: 23990407-2-13C\u00e9gjegyz\u00e9ksz\u00e1m: 13-09-157837NAIH sz\u00e1m: NAIH-118335\/2017St\u00e1tusz kezdete: 2012.06.19.Banksz\u00e1mlasz\u00e1m: Raiffeisen Bank 12010154-01352249-00100003Tel. : +36 20 959 0714E-mail: jancsovera@gmail.com A weboldal t\u00e1rhelyszolg\u00e1ltat\u00f3j\u00e1nak adatai:C\u00e9gn\u00e9v: DEVBOX Kft.Sz\u00e9khely: 7054 Tengelic, R\u00e1k\u00f3czi Ferenc u. 9.C\u00e9gjegyz\u00e9ksz\u00e1m: 17-09-010568Ad\u00f3sz\u00e1m: 25170605-2-17Nyilv\u00e1ntart\u00f3 hat\u00f3s\u00e1g: Szeksz\u00e1rdi T\u00f6rv\u00e9nysz\u00e9k C\u00e9gb\u00edr\u00f3s\u00e1ga<\/p>","protected":false},"author":1,"featured_media":0,"parent":0,"menu_order":0,"comment_status":"closed","ping_status":"closed","template":"elementor_header_footer","meta":{"footnotes":""},"class_list":["post-49","page","type-page","status-publish","hentry"],"yoast_head":"<!-- This site is optimized with the Yoast SEO plugin v27.3 - https:\/\/yoast.com\/product\/yoast-seo-wordpress\/ -->\n<title>Impresszum - Up Pilates Studiio<\/title>\n<meta name=\"robots\" content=\"index, follow, max-snippet:-1, max-image-preview:large, max-video-preview:-1\" \/>\n<link rel=\"canonical\" href=\"https:\/\/uppilatesstudio.hu\/en\/impresszum\/\" \/>\n<meta property=\"og:locale\" content=\"en_GB\" \/>\n<meta property=\"og:type\" content=\"article\" \/>\n<meta property=\"og:title\" content=\"Impresszum - Up Pilates Studiio\" \/>\n<meta property=\"og:description\" content=\"Impresszum C\u00e9g adatai:C\u00e9g neve: Pi Health Kft.Sz\u00e9khely: 2120, Dunakeszi, Vad\u00e1sz u. 57.Telephely: 1117, Budapest, Bogd\u00e1nfy u. 4\/b Fsz. 1.Ad\u00f3sz\u00e1m: 23990407-2-13C\u00e9gjegyz\u00e9ksz\u00e1m: 13-09-157837NAIH sz\u00e1m: NAIH-118335\/2017St\u00e1tusz kezdete: 2012.06.19.Banksz\u00e1mlasz\u00e1m: Raiffeisen Bank 12010154-01352249-00100003Tel. : +36 20 959 0714E-mail: jancsovera@gmail.com A weboldal t\u00e1rhelyszolg\u00e1ltat\u00f3j\u00e1nak adatai:C\u00e9gn\u00e9v: DEVBOX Kft.Sz\u00e9khely: 7054 Tengelic, R\u00e1k\u00f3czi Ferenc u. 9.C\u00e9gjegyz\u00e9ksz\u00e1m: 17-09-010568Ad\u00f3sz\u00e1m: 25170605-2-17Nyilv\u00e1ntart\u00f3 hat\u00f3s\u00e1g: Szeksz\u00e1rdi T\u00f6rv\u00e9nysz\u00e9k C\u00e9gb\u00edr\u00f3s\u00e1ga\" \/>\n<meta property=\"og:url\" content=\"https:\/\/uppilatesstudio.hu\/en\/impresszum\/\" \/>\n<meta property=\"og:site_name\" content=\"Up Pilates Studiio\" \/>\n<meta property=\"article:modified_time\" content=\"2025-08-21T07:58:55+00:00\" \/>\n<meta name=\"twitter:card\" content=\"summary_large_image\" \/>\n<meta name=\"twitter:label1\" content=\"Estimated reading time\" \/>\n\t<meta name=\"twitter:data1\" content=\"1 minute\" \/>\n<script type=\"application\/ld+json\" class=\"yoast-schema-graph\">{\"@context\":\"https:\\\/\\\/schema.org\",\"@graph\":[{\"@type\":\"WebPage\",\"@id\":\"https:\\\/\\\/uppilatesstudio.hu\\\/impresszum\\\/\",\"url\":\"https:\\\/\\\/uppilatesstudio.hu\\\/impresszum\\\/\",\"name\":\"Impresszum - Up Pilates Studiio\",\"isPartOf\":{\"@id\":\"https:\\\/\\\/uppilatesstudio.hu\\\/#website\"},\"datePublished\":\"2017-04-06T15:48:00+00:00\",\"dateModified\":\"2025-08-21T07:58:55+00:00\",\"breadcrumb\":{\"@id\":\"https:\\\/\\\/uppilatesstudio.hu\\\/impresszum\\\/#breadcrumb\"},\"inLanguage\":\"en-GB\",\"potentialAction\":[{\"@type\":\"ReadAction\",\"target\":[\"https:\\\/\\\/uppilatesstudio.hu\\\/impresszum\\\/\"]}]},{\"@type\":\"BreadcrumbList\",\"@id\":\"https:\\\/\\\/uppilatesstudio.hu\\\/impresszum\\\/#breadcrumb\",\"itemListElement\":[{\"@type\":\"ListItem\",\"position\":1,\"name\":\"Home\",\"item\":\"https:\\\/\\\/uppilatesstudio.hu\\\/\"},{\"@type\":\"ListItem\",\"position\":2,\"name\":\"Impresszum\"}]},{\"@type\":\"WebSite\",\"@id\":\"https:\\\/\\\/uppilatesstudio.hu\\\/#website\",\"url\":\"https:\\\/\\\/uppilatesstudio.hu\\\/\",\"name\":\"Up Pilates Studiio\",\"description\":\"A karcs\u00fa, form\u00e1s test\u00e9rt \u00e9s er\u0151s izomzat\u00e9rt!\",\"publisher\":{\"@id\":\"https:\\\/\\\/uppilatesstudio.hu\\\/#organization\"},\"potentialAction\":[{\"@type\":\"SearchAction\",\"target\":{\"@type\":\"EntryPoint\",\"urlTemplate\":\"https:\\\/\\\/uppilatesstudio.hu\\\/?s={search_term_string}\"},\"query-input\":{\"@type\":\"PropertyValueSpecification\",\"valueRequired\":true,\"valueName\":\"search_term_string\"}}],\"inLanguage\":\"en-GB\"},{\"@type\":\"Organization\",\"@id\":\"https:\\\/\\\/uppilatesstudio.hu\\\/#organization\",\"name\":\"Up Pilates Studiio\",\"url\":\"https:\\\/\\\/uppilatesstudio.hu\\\/\",\"logo\":{\"@type\":\"ImageObject\",\"inLanguage\":\"en-GB\",\"@id\":\"https:\\\/\\\/uppilatesstudio.hu\\\/#\\\/schema\\\/logo\\\/image\\\/\",\"url\":\"https:\\\/\\\/uppilatesstudio.hu\\\/wp-content\\\/uploads\\\/2017\\\/04\\\/logo.jpg\",\"contentUrl\":\"https:\\\/\\\/uppilatesstudio.hu\\\/wp-content\\\/uploads\\\/2017\\\/04\\\/logo.jpg\",\"width\":749,\"height\":987,\"caption\":\"Up Pilates Studiio\"},\"image\":{\"@id\":\"https:\\\/\\\/uppilatesstudio.hu\\\/#\\\/schema\\\/logo\\\/image\\\/\"}}]}<\/script>\n<!-- \/ Yoast SEO plugin. -->","yoast_head_json":{"title":"Impresszum - Up Pilates Studiio","robots":{"index":"index","follow":"follow","max-snippet":"max-snippet:-1","max-image-preview":"max-image-preview:large","max-video-preview":"max-video-preview:-1"},"canonical":"https:\/\/uppilatesstudio.hu\/en\/impresszum\/","og_locale":"en_GB","og_type":"article","og_title":"Impresszum - Up Pilates Studiio","og_description":"Impresszum C\u00e9g adatai:C\u00e9g neve: Pi Health Kft.Sz\u00e9khely: 2120, Dunakeszi, Vad\u00e1sz u. 57.Telephely: 1117, Budapest, Bogd\u00e1nfy u. 4\/b Fsz. 1.Ad\u00f3sz\u00e1m: 23990407-2-13C\u00e9gjegyz\u00e9ksz\u00e1m: 13-09-157837NAIH sz\u00e1m: NAIH-118335\/2017St\u00e1tusz kezdete: 2012.06.19.Banksz\u00e1mlasz\u00e1m: Raiffeisen Bank 12010154-01352249-00100003Tel. : +36 20 959 0714E-mail: jancsovera@gmail.com A weboldal t\u00e1rhelyszolg\u00e1ltat\u00f3j\u00e1nak adatai:C\u00e9gn\u00e9v: DEVBOX Kft.Sz\u00e9khely: 7054 Tengelic, R\u00e1k\u00f3czi Ferenc u. 9.C\u00e9gjegyz\u00e9ksz\u00e1m: 17-09-010568Ad\u00f3sz\u00e1m: 25170605-2-17Nyilv\u00e1ntart\u00f3 hat\u00f3s\u00e1g: Szeksz\u00e1rdi T\u00f6rv\u00e9nysz\u00e9k C\u00e9gb\u00edr\u00f3s\u00e1ga","og_url":"https:\/\/uppilatesstudio.hu\/en\/impresszum\/","og_site_name":"Up Pilates Studiio","article_modified_time":"2025-08-21T07:58:55+00:00","twitter_card":"summary_large_image","twitter_misc":{"Estimated reading time":"1 minute"},"schema":{"@context":"https:\/\/schema.org","@graph":[{"@type":"WebPage","@id":"https:\/\/uppilatesstudio.hu\/impresszum\/","url":"https:\/\/uppilatesstudio.hu\/impresszum\/","name":"Impresszum - Up Pilates Studiio","isPartOf":{"@id":"https:\/\/uppilatesstudio.hu\/#website"},"datePublished":"2017-04-06T15:48:00+00:00","dateModified":"2025-08-21T07:58:55+00:00","breadcrumb":{"@id":"https:\/\/uppilatesstudio.hu\/impresszum\/#breadcrumb"},"inLanguage":"en-GB","potentialAction":[{"@type":"ReadAction","target":["https:\/\/uppilatesstudio.hu\/impresszum\/"]}]},{"@type":"BreadcrumbList","@id":"https:\/\/uppilatesstudio.hu\/impresszum\/#breadcrumb","itemListElement":[{"@type":"ListItem","position":1,"name":"Home","item":"https:\/\/uppilatesstudio.hu\/"},{"@type":"ListItem","position":2,"name":"Impresszum"}]},{"@type":"WebSite","@id":"https:\/\/uppilatesstudio.hu\/#website","url":"https:\/\/uppilatesstudio.hu\/","name":"Up Pilates Studio","description":"For a slim, shapely body and strong muscles!","publisher":{"@id":"https:\/\/uppilatesstudio.hu\/#organization"},"potentialAction":[{"@type":"SearchAction","target":{"@type":"EntryPoint","urlTemplate":"https:\/\/uppilatesstudio.hu\/?s={search_term_string}"},"query-input":{"@type":"PropertyValueSpecification","valueRequired":true,"valueName":"search_term_string"}}],"inLanguage":"en-GB"},{"@type":"Organization","@id":"https:\/\/uppilatesstudio.hu\/#organization","name":"Up Pilates Studio","url":"https:\/\/uppilatesstudio.hu\/","logo":{"@type":"ImageObject","inLanguage":"en-GB","@id":"https:\/\/uppilatesstudio.hu\/#\/schema\/logo\/image\/","url":"https:\/\/uppilatesstudio.hu\/wp-content\/uploads\/2017\/04\/logo.jpg","contentUrl":"https:\/\/uppilatesstudio.hu\/wp-content\/uploads\/2017\/04\/logo.jpg","width":749,"height":987,"caption":"Up Pilates Studiio"},"image":{"@id":"https:\/\/uppilatesstudio.hu\/#\/schema\/logo\/image\/"}}]}},"_links":{"self":[{"href":"https:\/\/uppilatesstudio.hu\/en\/wp-json\/wp\/v2\/pages\/49","targetHints":{"allow":["GET"]}}],"collection":[{"href":"https:\/\/uppilatesstudio.hu\/en\/wp-json\/wp\/v2\/pages"}],"about":[{"href":"https:\/\/uppilatesstudio.hu\/en\/wp-json\/wp\/v2\/types\/page"}],"author":[{"embeddable":true,"href":"https:\/\/uppilatesstudio.hu\/en\/wp-json\/wp\/v2\/users\/1"}],"replies":[{"embeddable":true,"href":"https:\/\/uppilatesstudio.hu\/en\/wp-json\/wp\/v2\/comments?post=49"}],"version-history":[{"count":14,"href":"https:\/\/uppilatesstudio.hu\/en\/wp-json\/wp\/v2\/pages\/49\/revisions"}],"predecessor-version":[{"id":2369,"href":"https:\/\/uppilatesstudio.hu\/en\/wp-json\/wp\/v2\/pages\/49\/revisions\/2369"}],"wp:attachment":[{"href":"https:\/\/uppilatesstudio.hu\/en\/wp-json\/wp\/v2\/media?parent=49"}],"curies":[{"name":"wp","href":"https:\/\/api.w.org\/{rel}","templated":true}]}}