{"id":42,"date":"2017-04-06T16:44:15","date_gmt":"2017-04-06T15:44:15","guid":{"rendered":"http:\/\/pilates.sport.hu\/?page_id=42"},"modified":"2025-08-21T09:52:14","modified_gmt":"2025-08-21T07:52:14","slug":"altalanos-szerzodesi-feltetelek","status":"publish","type":"page","link":"https:\/\/uppilatesstudio.hu\/en\/altalanos-szerzodesi-feltetelek\/","title":{"rendered":"General contractual conditions"},"content":{"rendered":"<div data-elementor-type=\"wp-page\" data-elementor-id=\"42\" class=\"elementor elementor-42\" data-elementor-post-type=\"page\">\n\t\t\t\t<div class=\"elementor-element elementor-element-1e53ae39 e-flex e-con-boxed e-con e-parent\" data-id=\"1e53ae39\" data-element_type=\"container\" data-e-type=\"container\" data-settings=\"{&quot;background_background&quot;:&quot;classic&quot;}\">\n\t\t\t\t\t<div class=\"e-con-inner\">\n\t\t\t\t<div class=\"elementor-element elementor-element-17946436 elementor-widget elementor-widget-heading\" data-id=\"17946436\" data-element_type=\"widget\" data-e-type=\"widget\" data-widget_type=\"heading.default\">\n\t\t\t\t<div class=\"elementor-widget-container\">\n\t\t\t\t\t<h2 class=\"elementor-heading-title elementor-size-default\">GTC<\/h2>\t\t\t\t<\/div>\n\t\t\t\t<\/div>\n\t\t\t\t\t<\/div>\n\t\t\t\t<\/div>\n\t\t<div class=\"elementor-element elementor-element-2062607 e-flex e-con-boxed e-con e-parent\" data-id=\"2062607\" data-element_type=\"container\" data-e-type=\"container\">\n\t\t\t\t\t<div class=\"e-con-inner\">\n\t\t\t\t<div class=\"elementor-element elementor-element-9d8f949 elementor-widget elementor-widget-text-editor\" data-id=\"9d8f949\" data-element_type=\"widget\" data-e-type=\"widget\" data-widget_type=\"text-editor.default\">\n\t\t\t\t<div class=\"elementor-widget-container\">\n\t\t\t\t\t\t\t\t\t<h5 style=\"text-align: left;\">Terms of use<\/h5><p style=\"text-align: left;\">Welcome to the Pi Health Ltd. <a href=\"https:\/\/uppilatesstudio.hu\/en\/\">www.uppilatesstudio.hu<\/a> (hereinafter: Website) website. By using the Website, you agree to the terms and conditions of this Agreement. The Operator reserves the right to modify the Terms and Conditions by posting a short notice of the modification on the Website. If the user starts to use any part of the Website after the modification, this shall be deemed as acceptance of the modification.<\/p><h5 style=\"text-align: left;\">General information<\/h5><p style=\"text-align: left;\">The owner (operator) of the website:<\/p><p style=\"text-align: left;\">Company name: Pi Health Kft.<br \/>Address: 2120, Dunakeszi, Vad\u00e1sz u. 57.<br \/>Phone: +36-20-959-0714<br \/>E-mail: jancsovera@gmail.com<br \/>Tax number: 23990407-1-13<br \/>Company registration number: 13-09-157837<\/p><p style=\"text-align: left;\">Website hosting provider<\/p><p style=\"text-align: left;\">Company name: DEVBOX Kft.<br \/>Registered office: 7054 Tengelic, R\u00e1k\u00f3czi Ferenc u. 9.<br \/>Company registration number: 17-09-010568<br \/>Tax number: 25170605-2-17<br \/>Registering authority: the Company Court of Szeksz\u00e1rd General Court<\/p><h5 style=\"text-align: left;\">Intellectual property rights relating to the Website<\/h5><p style=\"text-align: left;\">The Operator expressly reserves its intellectual property rights in respect of the use of all material (in particular texts, graphics and images) published on the Website and created by it, pursuant to Act LXXVI of 1999. This copyright extends to all sub-pages of the Website.<br \/>The content of the website or any part thereof may only be used with the express prior written permission of the operator.<br \/>The visitor may save or print out parts of the content of the website on his\/her computer, solely for his\/her own use, which is not directly commercial, but he\/she is not entitled to further use, distribute, store, download or commercialise the reproduced part of the website.<br \/>Content may be transferred from the website only by linking to the website, provided that the recipient does not modify the original information and that the link to the website is accurately and prominently displayed in all copies and postings.<br \/>By reproducing material on the website without permission, the user causes damage which he is liable to pay compensation for. Never copy all or part of the site without permission!<br \/>In the case of unauthorised uses or uses exceeding the limits of the right of use, the operator is entitled to initiate proceedings appropriate to the nature of the infringement.<\/p><h5 style=\"text-align: left;\">Data protection information<\/h5><h5 style=\"text-align: left;\">Cookies<\/h5><p style=\"text-align: left;\">A \"cookie\" is a file of letters and numbers that allows our web server to recognize your browsing device, your browsing history on the Website. Cookies are used to improve the user experience, these files allow us to personalise the content we display. The cookies we collect do not contain any information that identifies visitors to the Website.<br \/>The legal background and legal basis for cookies are the provisions of Act CXII of 2011 on the Right of Informational Self-Determination and Freedom of Information (\"Infotv.\") and Act CVIII of 2011 on Certain Aspects of Electronic Commerce Services and Information Society Services.<\/p><p style=\"text-align: left;\">Our website uses the following types of cookies:<\/p><p style=\"text-align: left;\">Google Analytics cookies. We use the Google Analytics cookie to collect information about the usage patterns of our visitors to our website.<br \/>To find out more about cookies, please visit http:\/\/www.allaboutcookies.org.<\/p><h5 style=\"text-align: left;\">Responsibility<\/h5><p style=\"text-align: left;\">You are solely responsible for all actions you take while using the Website. You use the Website at your own risk. You may not damage the structure of the site in any way, attempt to unlawfully intercept data or attempt to gain unauthorised access to hidden administration pages for security reasons.<\/p><p style=\"text-align: left;\">The operator shall not be liable to visitors of the website for any damage arising from access to and use of the website or from the lack of access to and use of the website for reasons beyond the operator's control. Furthermore, the operator is not liable for any damage suffered by the user during the use of the website, and in particular for any damage or loss that may occur to the user's equipment when using the website.<\/p><p style=\"text-align: left;\">In any case, the operator shall indicate if the website displays content provided by or received from third parties, by naming the provider and\/or by referring to the provider's website (external contact point). The operator shall not be liable for external content, in particular for its correctness, changes or errors in links.<\/p>\t\t\t\t\t\t\t\t<\/div>\n\t\t\t\t<\/div>\n\t\t\t\t\t<\/div>\n\t\t\t\t<\/div>\n\t\t\t\t<\/div>","protected":false},"excerpt":{"rendered":"<p>\u00c1SZF Felhaszn\u00e1l\u00e1si felt\u00e9telek \u00dcdv\u00f6z\u00f6lj\u00fck az Pi Health Kft. \u00e1ltal \u00fczemeltetett www.uppilatesstudio.hu (a tov\u00e1bbiakban: Weboldal) weboldalon. A Weboldal haszn\u00e1lat\u00e1val \u00d6n elfogadja a Szerz\u0151d\u00e9sisi felt\u00e9teleket. A felt\u00e9telek m\u00f3dos\u00edt\u00e1s\u00e1nak jog\u00e1t az \u00fczemeltet\u0151 fenntartja azzal, hogy a m\u00f3dos\u00edt\u00e1sr\u00f3l r\u00f6vid t\u00e1j\u00e9koztat\u00e1st tesz k\u00f6zz\u00e9 a weboldalon. Amennyiben a felhaszn\u00e1l\u00f3 a m\u00f3dos\u00edt\u00e1st k\u00f6vet\u0151en a weboldal b\u00e1rmely r\u00e9sz\u00e9t haszn\u00e1lni kezdi, az a m\u00f3dos\u00edt\u00e1s [&hellip;]<\/p>","protected":false},"author":1,"featured_media":0,"parent":0,"menu_order":0,"comment_status":"closed","ping_status":"closed","template":"elementor_header_footer","meta":{"footnotes":""},"class_list":["post-42","page","type-page","status-publish","hentry"],"yoast_head":"<!-- This site is optimized with the Yoast SEO plugin v27.3 - https:\/\/yoast.com\/product\/yoast-seo-wordpress\/ -->\n<title>\u00c1ltal\u00e1nos szerz\u0151d\u00e9si felt\u00e9telek - Up Pilates Studiio<\/title>\n<meta name=\"robots\" content=\"index, follow, max-snippet:-1, max-image-preview:large, max-video-preview:-1\" \/>\n<link rel=\"canonical\" href=\"https:\/\/uppilatesstudio.hu\/en\/altalanos-szerzodesi-feltetelek\/\" \/>\n<meta property=\"og:locale\" content=\"en_GB\" \/>\n<meta property=\"og:type\" content=\"article\" \/>\n<meta property=\"og:title\" content=\"\u00c1ltal\u00e1nos szerz\u0151d\u00e9si felt\u00e9telek - Up Pilates Studiio\" \/>\n<meta property=\"og:description\" content=\"\u00c1SZF Felhaszn\u00e1l\u00e1si felt\u00e9telek \u00dcdv\u00f6z\u00f6lj\u00fck az Pi Health Kft. \u00e1ltal \u00fczemeltetett www.uppilatesstudio.hu (a tov\u00e1bbiakban: Weboldal) weboldalon. A Weboldal haszn\u00e1lat\u00e1val \u00d6n elfogadja a Szerz\u0151d\u00e9sisi felt\u00e9teleket. A felt\u00e9telek m\u00f3dos\u00edt\u00e1s\u00e1nak jog\u00e1t az \u00fczemeltet\u0151 fenntartja azzal, hogy a m\u00f3dos\u00edt\u00e1sr\u00f3l r\u00f6vid t\u00e1j\u00e9koztat\u00e1st tesz k\u00f6zz\u00e9 a weboldalon. Amennyiben a felhaszn\u00e1l\u00f3 a m\u00f3dos\u00edt\u00e1st k\u00f6vet\u0151en a weboldal b\u00e1rmely r\u00e9sz\u00e9t haszn\u00e1lni kezdi, az a m\u00f3dos\u00edt\u00e1s [&hellip;]\" \/>\n<meta property=\"og:url\" content=\"https:\/\/uppilatesstudio.hu\/en\/altalanos-szerzodesi-feltetelek\/\" \/>\n<meta property=\"og:site_name\" content=\"Up Pilates Studiio\" \/>\n<meta property=\"article:modified_time\" content=\"2025-08-21T07:52:14+00:00\" \/>\n<meta name=\"twitter:card\" content=\"summary_large_image\" \/>\n<meta name=\"twitter:label1\" content=\"Estimated reading time\" \/>\n\t<meta name=\"twitter:data1\" content=\"4 minutes\" \/>\n<script type=\"application\/ld+json\" class=\"yoast-schema-graph\">{\"@context\":\"https:\\\/\\\/schema.org\",\"@graph\":[{\"@type\":\"WebPage\",\"@id\":\"https:\\\/\\\/uppilatesstudio.hu\\\/altalanos-szerzodesi-feltetelek\\\/\",\"url\":\"https:\\\/\\\/uppilatesstudio.hu\\\/altalanos-szerzodesi-feltetelek\\\/\",\"name\":\"\u00c1ltal\u00e1nos szerz\u0151d\u00e9si felt\u00e9telek - Up Pilates Studiio\",\"isPartOf\":{\"@id\":\"https:\\\/\\\/uppilatesstudio.hu\\\/#website\"},\"datePublished\":\"2017-04-06T15:44:15+00:00\",\"dateModified\":\"2025-08-21T07:52:14+00:00\",\"breadcrumb\":{\"@id\":\"https:\\\/\\\/uppilatesstudio.hu\\\/altalanos-szerzodesi-feltetelek\\\/#breadcrumb\"},\"inLanguage\":\"en-GB\",\"potentialAction\":[{\"@type\":\"ReadAction\",\"target\":[\"https:\\\/\\\/uppilatesstudio.hu\\\/altalanos-szerzodesi-feltetelek\\\/\"]}]},{\"@type\":\"BreadcrumbList\",\"@id\":\"https:\\\/\\\/uppilatesstudio.hu\\\/altalanos-szerzodesi-feltetelek\\\/#breadcrumb\",\"itemListElement\":[{\"@type\":\"ListItem\",\"position\":1,\"name\":\"Home\",\"item\":\"https:\\\/\\\/uppilatesstudio.hu\\\/\"},{\"@type\":\"ListItem\",\"position\":2,\"name\":\"\u00c1ltal\u00e1nos szerz\u0151d\u00e9si felt\u00e9telek\"}]},{\"@type\":\"WebSite\",\"@id\":\"https:\\\/\\\/uppilatesstudio.hu\\\/#website\",\"url\":\"https:\\\/\\\/uppilatesstudio.hu\\\/\",\"name\":\"Up Pilates Studiio\",\"description\":\"A karcs\u00fa, form\u00e1s test\u00e9rt \u00e9s er\u0151s izomzat\u00e9rt!\",\"publisher\":{\"@id\":\"https:\\\/\\\/uppilatesstudio.hu\\\/#organization\"},\"potentialAction\":[{\"@type\":\"SearchAction\",\"target\":{\"@type\":\"EntryPoint\",\"urlTemplate\":\"https:\\\/\\\/uppilatesstudio.hu\\\/?s={search_term_string}\"},\"query-input\":{\"@type\":\"PropertyValueSpecification\",\"valueRequired\":true,\"valueName\":\"search_term_string\"}}],\"inLanguage\":\"en-GB\"},{\"@type\":\"Organization\",\"@id\":\"https:\\\/\\\/uppilatesstudio.hu\\\/#organization\",\"name\":\"Up Pilates Studiio\",\"url\":\"https:\\\/\\\/uppilatesstudio.hu\\\/\",\"logo\":{\"@type\":\"ImageObject\",\"inLanguage\":\"en-GB\",\"@id\":\"https:\\\/\\\/uppilatesstudio.hu\\\/#\\\/schema\\\/logo\\\/image\\\/\",\"url\":\"https:\\\/\\\/uppilatesstudio.hu\\\/wp-content\\\/uploads\\\/2017\\\/04\\\/logo.jpg\",\"contentUrl\":\"https:\\\/\\\/uppilatesstudio.hu\\\/wp-content\\\/uploads\\\/2017\\\/04\\\/logo.jpg\",\"width\":749,\"height\":987,\"caption\":\"Up Pilates Studiio\"},\"image\":{\"@id\":\"https:\\\/\\\/uppilatesstudio.hu\\\/#\\\/schema\\\/logo\\\/image\\\/\"}}]}<\/script>\n<!-- \/ Yoast SEO plugin. -->","yoast_head_json":{"title":"\u00c1ltal\u00e1nos szerz\u0151d\u00e9si felt\u00e9telek - Up Pilates Studiio","robots":{"index":"index","follow":"follow","max-snippet":"max-snippet:-1","max-image-preview":"max-image-preview:large","max-video-preview":"max-video-preview:-1"},"canonical":"https:\/\/uppilatesstudio.hu\/en\/altalanos-szerzodesi-feltetelek\/","og_locale":"en_GB","og_type":"article","og_title":"\u00c1ltal\u00e1nos szerz\u0151d\u00e9si felt\u00e9telek - Up Pilates Studiio","og_description":"\u00c1SZF Felhaszn\u00e1l\u00e1si felt\u00e9telek \u00dcdv\u00f6z\u00f6lj\u00fck az Pi Health Kft. \u00e1ltal \u00fczemeltetett www.uppilatesstudio.hu (a tov\u00e1bbiakban: Weboldal) weboldalon. A Weboldal haszn\u00e1lat\u00e1val \u00d6n elfogadja a Szerz\u0151d\u00e9sisi felt\u00e9teleket. A felt\u00e9telek m\u00f3dos\u00edt\u00e1s\u00e1nak jog\u00e1t az \u00fczemeltet\u0151 fenntartja azzal, hogy a m\u00f3dos\u00edt\u00e1sr\u00f3l r\u00f6vid t\u00e1j\u00e9koztat\u00e1st tesz k\u00f6zz\u00e9 a weboldalon. Amennyiben a felhaszn\u00e1l\u00f3 a m\u00f3dos\u00edt\u00e1st k\u00f6vet\u0151en a weboldal b\u00e1rmely r\u00e9sz\u00e9t haszn\u00e1lni kezdi, az a m\u00f3dos\u00edt\u00e1s [&hellip;]","og_url":"https:\/\/uppilatesstudio.hu\/en\/altalanos-szerzodesi-feltetelek\/","og_site_name":"Up Pilates Studiio","article_modified_time":"2025-08-21T07:52:14+00:00","twitter_card":"summary_large_image","twitter_misc":{"Estimated reading time":"4 minutes"},"schema":{"@context":"https:\/\/schema.org","@graph":[{"@type":"WebPage","@id":"https:\/\/uppilatesstudio.hu\/altalanos-szerzodesi-feltetelek\/","url":"https:\/\/uppilatesstudio.hu\/altalanos-szerzodesi-feltetelek\/","name":"\u00c1ltal\u00e1nos szerz\u0151d\u00e9si felt\u00e9telek - Up Pilates Studiio","isPartOf":{"@id":"https:\/\/uppilatesstudio.hu\/#website"},"datePublished":"2017-04-06T15:44:15+00:00","dateModified":"2025-08-21T07:52:14+00:00","breadcrumb":{"@id":"https:\/\/uppilatesstudio.hu\/altalanos-szerzodesi-feltetelek\/#breadcrumb"},"inLanguage":"en-GB","potentialAction":[{"@type":"ReadAction","target":["https:\/\/uppilatesstudio.hu\/altalanos-szerzodesi-feltetelek\/"]}]},{"@type":"BreadcrumbList","@id":"https:\/\/uppilatesstudio.hu\/altalanos-szerzodesi-feltetelek\/#breadcrumb","itemListElement":[{"@type":"ListItem","position":1,"name":"Home","item":"https:\/\/uppilatesstudio.hu\/"},{"@type":"ListItem","position":2,"name":"\u00c1ltal\u00e1nos szerz\u0151d\u00e9si felt\u00e9telek"}]},{"@type":"WebSite","@id":"https:\/\/uppilatesstudio.hu\/#website","url":"https:\/\/uppilatesstudio.hu\/","name":"Up Pilates Studio","description":"For a slim, shapely body and strong muscles!","publisher":{"@id":"https:\/\/uppilatesstudio.hu\/#organization"},"potentialAction":[{"@type":"SearchAction","target":{"@type":"EntryPoint","urlTemplate":"https:\/\/uppilatesstudio.hu\/?s={search_term_string}"},"query-input":{"@type":"PropertyValueSpecification","valueRequired":true,"valueName":"search_term_string"}}],"inLanguage":"en-GB"},{"@type":"Organization","@id":"https:\/\/uppilatesstudio.hu\/#organization","name":"Up Pilates Studio","url":"https:\/\/uppilatesstudio.hu\/","logo":{"@type":"ImageObject","inLanguage":"en-GB","@id":"https:\/\/uppilatesstudio.hu\/#\/schema\/logo\/image\/","url":"https:\/\/uppilatesstudio.hu\/wp-content\/uploads\/2017\/04\/logo.jpg","contentUrl":"https:\/\/uppilatesstudio.hu\/wp-content\/uploads\/2017\/04\/logo.jpg","width":749,"height":987,"caption":"Up Pilates Studiio"},"image":{"@id":"https:\/\/uppilatesstudio.hu\/#\/schema\/logo\/image\/"}}]}},"_links":{"self":[{"href":"https:\/\/uppilatesstudio.hu\/en\/wp-json\/wp\/v2\/pages\/42","targetHints":{"allow":["GET"]}}],"collection":[{"href":"https:\/\/uppilatesstudio.hu\/en\/wp-json\/wp\/v2\/pages"}],"about":[{"href":"https:\/\/uppilatesstudio.hu\/en\/wp-json\/wp\/v2\/types\/page"}],"author":[{"embeddable":true,"href":"https:\/\/uppilatesstudio.hu\/en\/wp-json\/wp\/v2\/users\/1"}],"replies":[{"embeddable":true,"href":"https:\/\/uppilatesstudio.hu\/en\/wp-json\/wp\/v2\/comments?post=42"}],"version-history":[{"count":11,"href":"https:\/\/uppilatesstudio.hu\/en\/wp-json\/wp\/v2\/pages\/42\/revisions"}],"predecessor-version":[{"id":2361,"href":"https:\/\/uppilatesstudio.hu\/en\/wp-json\/wp\/v2\/pages\/42\/revisions\/2361"}],"wp:attachment":[{"href":"https:\/\/uppilatesstudio.hu\/en\/wp-json\/wp\/v2\/media?parent=42"}],"curies":[{"name":"wp","href":"https:\/\/api.w.org\/{rel}","templated":true}]}}