{"id":2861,"date":"2025-11-20T17:34:50","date_gmt":"2025-11-20T15:34:50","guid":{"rendered":"https:\/\/uppilatesstudio.hu\/?page_id=2861"},"modified":"2025-11-24T15:04:56","modified_gmt":"2025-11-24T13:04:56","slug":"egyeni-orak","status":"publish","type":"page","link":"https:\/\/uppilatesstudio.hu\/en\/egyeni-orak\/","title":{"rendered":"Individual lessons"},"content":{"rendered":"<div data-elementor-type=\"wp-page\" data-elementor-id=\"2861\" class=\"elementor elementor-2861\" data-elementor-post-type=\"page\">\n\t\t\t\t<div class=\"elementor-element elementor-element-5a378e7 e-flex e-con-boxed e-con e-parent\" data-id=\"5a378e7\" data-element_type=\"container\" data-e-type=\"container\" data-settings=\"{&quot;background_background&quot;:&quot;classic&quot;}\">\n\t\t\t\t\t<div class=\"e-con-inner\">\n\t\t\t\t<div class=\"elementor-element elementor-element-20ee57b elementor-widget elementor-widget-heading\" data-id=\"20ee57b\" data-element_type=\"widget\" data-e-type=\"widget\" data-widget_type=\"heading.default\">\n\t\t\t\t<div class=\"elementor-widget-container\">\n\t\t\t\t\t<h2 class=\"elementor-heading-title elementor-size-default\">Individual lessons<\/h2>\t\t\t\t<\/div>\n\t\t\t\t<\/div>\n\t\t\t\t\t<\/div>\n\t\t\t\t<\/div>\n\t\t<div class=\"elementor-element elementor-element-8dac9e8 e-flex e-con-boxed e-con e-parent\" data-id=\"8dac9e8\" data-element_type=\"container\" data-e-type=\"container\">\n\t\t\t\t\t<div class=\"e-con-inner\">\n\t\t\t\t<div class=\"elementor-element elementor-element-951a634 elementor-widget elementor-widget-heading\" data-id=\"951a634\" data-element_type=\"widget\" data-e-type=\"widget\" data-widget_type=\"heading.default\">\n\t\t\t\t<div class=\"elementor-widget-container\">\n\t\t\t\t\t<h2 class=\"elementor-heading-title elementor-size-default\">Enrol for an individual lesson<\/h2>\t\t\t\t<\/div>\n\t\t\t\t<\/div>\n\t\t\t\t<div class=\"elementor-element elementor-element-6b50cd4 elementor-widget elementor-widget-text-editor\" data-id=\"6b50cd4\" data-element_type=\"widget\" data-e-type=\"widget\" data-widget_type=\"text-editor.default\">\n\t\t\t\t<div class=\"elementor-widget-container\">\n\t\t\t\t\t\t\t\t\t<div>Enter your contact details and our colleague will contact you shortly to arrange your first personalised Pilates class.<\/div><p>Individual attention, precise movements, an invigorating experience - this is what you can expect at UP Pilates Studio.<\/p>\t\t\t\t\t\t\t\t<\/div>\n\t\t\t\t<\/div>\n\t\t\t\t<div class=\"elementor-element elementor-element-1b5dc2f elementor-widget elementor-widget-shortcode\" data-id=\"1b5dc2f\" data-element_type=\"widget\" data-e-type=\"widget\" data-widget_type=\"shortcode.default\">\n\t\t\t\t<div class=\"elementor-widget-container\">\n\t\t\t\t\t\t\t<div class=\"elementor-shortcode\"><iframe\n    src=\"https:\/\/api.flybuilt.hu\/widget\/form\/1VMsoPzhEyP7XexWHVxN\"\n    style=\"width:100%;height:100%;border:none;border-radius:3px\"\n    id=\"inline-1VMsoPzhEyP7XexWHVxN\" \n    data-layout=\"{'id':'INLINE'}\"\n    data-trigger-type=\"alwaysShow\"\n    data-trigger-value=\"\"\n    data-activation-type=\"alwaysActivated\"\n    data-activation-value=\"\"\n    data-deactivation-type=\"neverDeactivate\"\n    data-deactivation-value=\"\"\n    data-form-name=\"egy\u00e9ni \u00f3ra \u0171rlap\"\n    data-height=\"676\"\n    data-layout-iframe-id=\"inline-1VMsoPzhEyP7XexWHVxN\"\n    data-form-id=\"1VMsoPzhEyP7XexWHVxN\"\n    title=\"individual lesson form\"\n        >\n<\/iframe>\n<script src=\"https:\/\/api.flybuilt.hu\/js\/form_embed.js\"><\/script><\/div>\n\t\t\t\t\t\t<\/div>\n\t\t\t\t<\/div>\n\t\t\t\t\t<\/div>\n\t\t\t\t<\/div>\n\t\t\t\t<\/div>","protected":false},"excerpt":{"rendered":"<p>Egy\u00e9ni \u00f3r\u00e1k Egy\u00e9ni \u00f3r\u00e1ra jelentkez\u00e9s Add meg el\u00e9rhet\u0151s\u00e9geidet, \u00e9s koll\u00e9g\u00e1nk hamarosan felkeres, hogy egyeztess\u00fck az els\u0151 szem\u00e9lyre szabott Pilates \u00f3r\u00e1d r\u00e9szleteit. Egy\u00e9ni figyelem, prec\u00edz mozdulatok, felt\u00f6lt\u0151 \u00e9lm\u00e9ny \u2013 ez v\u00e1r r\u00e1d az UP Pilates Studioban.<\/p>","protected":false},"author":1,"featured_media":0,"parent":0,"menu_order":0,"comment_status":"closed","ping_status":"closed","template":"elementor_header_footer","meta":{"footnotes":""},"class_list":["post-2861","page","type-page","status-publish","hentry"],"yoast_head":"<!-- This site is optimized with the Yoast SEO plugin v27.3 - https:\/\/yoast.com\/product\/yoast-seo-wordpress\/ -->\n<title>Egy\u00e9ni \u00f3r\u00e1k - Up Pilates Studiio<\/title>\n<meta name=\"description\" content=\"pilates egy\u00e9ni \u00f3ra\" \/>\n<meta name=\"robots\" content=\"index, follow, max-snippet:-1, max-image-preview:large, max-video-preview:-1\" \/>\n<link rel=\"canonical\" href=\"https:\/\/uppilatesstudio.hu\/en\/egyeni-orak\/\" \/>\n<meta property=\"og:locale\" content=\"en_GB\" \/>\n<meta property=\"og:type\" content=\"article\" \/>\n<meta property=\"og:title\" content=\"Egy\u00e9ni \u00f3r\u00e1k - Up Pilates Studiio\" \/>\n<meta property=\"og:description\" content=\"pilates egy\u00e9ni \u00f3ra\" \/>\n<meta property=\"og:url\" content=\"https:\/\/uppilatesstudio.hu\/en\/egyeni-orak\/\" \/>\n<meta property=\"og:site_name\" content=\"Up Pilates Studiio\" \/>\n<meta property=\"article:modified_time\" content=\"2025-11-24T13:04:56+00:00\" \/>\n<meta name=\"twitter:card\" content=\"summary_large_image\" \/>\n<meta name=\"twitter:label1\" content=\"Estimated reading time\" \/>\n\t<meta name=\"twitter:data1\" content=\"1 minute\" \/>\n<script type=\"application\/ld+json\" class=\"yoast-schema-graph\">{\"@context\":\"https:\\\/\\\/schema.org\",\"@graph\":[{\"@type\":\"WebPage\",\"@id\":\"https:\\\/\\\/uppilatesstudio.hu\\\/egyeni-orak\\\/\",\"url\":\"https:\\\/\\\/uppilatesstudio.hu\\\/egyeni-orak\\\/\",\"name\":\"Egy\u00e9ni \u00f3r\u00e1k - Up Pilates Studiio\",\"isPartOf\":{\"@id\":\"https:\\\/\\\/uppilatesstudio.hu\\\/#website\"},\"datePublished\":\"2025-11-20T15:34:50+00:00\",\"dateModified\":\"2025-11-24T13:04:56+00:00\",\"description\":\"pilates egy\u00e9ni \u00f3ra\",\"breadcrumb\":{\"@id\":\"https:\\\/\\\/uppilatesstudio.hu\\\/egyeni-orak\\\/#breadcrumb\"},\"inLanguage\":\"en-GB\",\"potentialAction\":[{\"@type\":\"ReadAction\",\"target\":[\"https:\\\/\\\/uppilatesstudio.hu\\\/egyeni-orak\\\/\"]}]},{\"@type\":\"BreadcrumbList\",\"@id\":\"https:\\\/\\\/uppilatesstudio.hu\\\/egyeni-orak\\\/#breadcrumb\",\"itemListElement\":[{\"@type\":\"ListItem\",\"position\":1,\"name\":\"Home\",\"item\":\"https:\\\/\\\/uppilatesstudio.hu\\\/\"},{\"@type\":\"ListItem\",\"position\":2,\"name\":\"Egy\u00e9ni \u00f3r\u00e1k\"}]},{\"@type\":\"WebSite\",\"@id\":\"https:\\\/\\\/uppilatesstudio.hu\\\/#website\",\"url\":\"https:\\\/\\\/uppilatesstudio.hu\\\/\",\"name\":\"Up Pilates Studiio\",\"description\":\"A karcs\u00fa, form\u00e1s test\u00e9rt \u00e9s er\u0151s izomzat\u00e9rt!\",\"publisher\":{\"@id\":\"https:\\\/\\\/uppilatesstudio.hu\\\/#organization\"},\"potentialAction\":[{\"@type\":\"SearchAction\",\"target\":{\"@type\":\"EntryPoint\",\"urlTemplate\":\"https:\\\/\\\/uppilatesstudio.hu\\\/?s={search_term_string}\"},\"query-input\":{\"@type\":\"PropertyValueSpecification\",\"valueRequired\":true,\"valueName\":\"search_term_string\"}}],\"inLanguage\":\"en-GB\"},{\"@type\":\"Organization\",\"@id\":\"https:\\\/\\\/uppilatesstudio.hu\\\/#organization\",\"name\":\"Up Pilates Studiio\",\"url\":\"https:\\\/\\\/uppilatesstudio.hu\\\/\",\"logo\":{\"@type\":\"ImageObject\",\"inLanguage\":\"en-GB\",\"@id\":\"https:\\\/\\\/uppilatesstudio.hu\\\/#\\\/schema\\\/logo\\\/image\\\/\",\"url\":\"https:\\\/\\\/uppilatesstudio.hu\\\/wp-content\\\/uploads\\\/2017\\\/04\\\/logo.jpg\",\"contentUrl\":\"https:\\\/\\\/uppilatesstudio.hu\\\/wp-content\\\/uploads\\\/2017\\\/04\\\/logo.jpg\",\"width\":749,\"height\":987,\"caption\":\"Up Pilates Studiio\"},\"image\":{\"@id\":\"https:\\\/\\\/uppilatesstudio.hu\\\/#\\\/schema\\\/logo\\\/image\\\/\"}}]}<\/script>\n<!-- \/ Yoast SEO plugin. -->","yoast_head_json":{"title":"Egy\u00e9ni \u00f3r\u00e1k - Up Pilates Studiio","description":"pilates egy\u00e9ni \u00f3ra","robots":{"index":"index","follow":"follow","max-snippet":"max-snippet:-1","max-image-preview":"max-image-preview:large","max-video-preview":"max-video-preview:-1"},"canonical":"https:\/\/uppilatesstudio.hu\/en\/egyeni-orak\/","og_locale":"en_GB","og_type":"article","og_title":"Egy\u00e9ni \u00f3r\u00e1k - Up Pilates Studiio","og_description":"pilates egy\u00e9ni \u00f3ra","og_url":"https:\/\/uppilatesstudio.hu\/en\/egyeni-orak\/","og_site_name":"Up Pilates Studiio","article_modified_time":"2025-11-24T13:04:56+00:00","twitter_card":"summary_large_image","twitter_misc":{"Estimated reading time":"1 minute"},"schema":{"@context":"https:\/\/schema.org","@graph":[{"@type":"WebPage","@id":"https:\/\/uppilatesstudio.hu\/egyeni-orak\/","url":"https:\/\/uppilatesstudio.hu\/egyeni-orak\/","name":"Egy\u00e9ni \u00f3r\u00e1k - Up Pilates Studiio","isPartOf":{"@id":"https:\/\/uppilatesstudio.hu\/#website"},"datePublished":"2025-11-20T15:34:50+00:00","dateModified":"2025-11-24T13:04:56+00:00","description":"pilates egy\u00e9ni \u00f3ra","breadcrumb":{"@id":"https:\/\/uppilatesstudio.hu\/egyeni-orak\/#breadcrumb"},"inLanguage":"en-GB","potentialAction":[{"@type":"ReadAction","target":["https:\/\/uppilatesstudio.hu\/egyeni-orak\/"]}]},{"@type":"BreadcrumbList","@id":"https:\/\/uppilatesstudio.hu\/egyeni-orak\/#breadcrumb","itemListElement":[{"@type":"ListItem","position":1,"name":"Home","item":"https:\/\/uppilatesstudio.hu\/"},{"@type":"ListItem","position":2,"name":"Egy\u00e9ni \u00f3r\u00e1k"}]},{"@type":"WebSite","@id":"https:\/\/uppilatesstudio.hu\/#website","url":"https:\/\/uppilatesstudio.hu\/","name":"Up Pilates Studio","description":"For a slim, shapely body and strong muscles!","publisher":{"@id":"https:\/\/uppilatesstudio.hu\/#organization"},"potentialAction":[{"@type":"SearchAction","target":{"@type":"EntryPoint","urlTemplate":"https:\/\/uppilatesstudio.hu\/?s={search_term_string}"},"query-input":{"@type":"PropertyValueSpecification","valueRequired":true,"valueName":"search_term_string"}}],"inLanguage":"en-GB"},{"@type":"Organization","@id":"https:\/\/uppilatesstudio.hu\/#organization","name":"Up Pilates Studio","url":"https:\/\/uppilatesstudio.hu\/","logo":{"@type":"ImageObject","inLanguage":"en-GB","@id":"https:\/\/uppilatesstudio.hu\/#\/schema\/logo\/image\/","url":"https:\/\/uppilatesstudio.hu\/wp-content\/uploads\/2017\/04\/logo.jpg","contentUrl":"https:\/\/uppilatesstudio.hu\/wp-content\/uploads\/2017\/04\/logo.jpg","width":749,"height":987,"caption":"Up Pilates Studiio"},"image":{"@id":"https:\/\/uppilatesstudio.hu\/#\/schema\/logo\/image\/"}}]}},"_links":{"self":[{"href":"https:\/\/uppilatesstudio.hu\/en\/wp-json\/wp\/v2\/pages\/2861","targetHints":{"allow":["GET"]}}],"collection":[{"href":"https:\/\/uppilatesstudio.hu\/en\/wp-json\/wp\/v2\/pages"}],"about":[{"href":"https:\/\/uppilatesstudio.hu\/en\/wp-json\/wp\/v2\/types\/page"}],"author":[{"embeddable":true,"href":"https:\/\/uppilatesstudio.hu\/en\/wp-json\/wp\/v2\/users\/1"}],"replies":[{"embeddable":true,"href":"https:\/\/uppilatesstudio.hu\/en\/wp-json\/wp\/v2\/comments?post=2861"}],"version-history":[{"count":19,"href":"https:\/\/uppilatesstudio.hu\/en\/wp-json\/wp\/v2\/pages\/2861\/revisions"}],"predecessor-version":[{"id":2905,"href":"https:\/\/uppilatesstudio.hu\/en\/wp-json\/wp\/v2\/pages\/2861\/revisions\/2905"}],"wp:attachment":[{"href":"https:\/\/uppilatesstudio.hu\/en\/wp-json\/wp\/v2\/media?parent=2861"}],"curies":[{"name":"wp","href":"https:\/\/api.w.org\/{rel}","templated":true}]}}