{"id":2528,"date":"2025-10-09T09:30:49","date_gmt":"2025-10-09T07:30:49","guid":{"rendered":"https:\/\/uppilatesstudio.hu\/?page_id=2528"},"modified":"2025-11-24T14:52:29","modified_gmt":"2025-11-24T12:52:29","slug":"elofizetes","status":"publish","type":"page","link":"https:\/\/uppilatesstudio.hu\/en\/elofizetes\/","title":{"rendered":"Subscribe at"},"content":{"rendered":"<div data-elementor-type=\"wp-page\" data-elementor-id=\"2528\" class=\"elementor elementor-2528\" data-elementor-post-type=\"page\">\n\t\t\t\t<div class=\"elementor-element elementor-element-eb2166e e-flex e-con-boxed e-con e-parent\" data-id=\"eb2166e\" data-element_type=\"container\" data-e-type=\"container\" data-settings=\"{&quot;background_background&quot;:&quot;classic&quot;}\">\n\t\t\t\t\t<div class=\"e-con-inner\">\n\t\t\t\t<div class=\"elementor-element elementor-element-3f4130d elementor-widget elementor-widget-heading\" data-id=\"3f4130d\" data-element_type=\"widget\" data-e-type=\"widget\" data-widget_type=\"heading.default\">\n\t\t\t\t<div class=\"elementor-widget-container\">\n\t\t\t\t\t<h2 class=\"elementor-heading-title elementor-size-default\">Subscription system (coming soon)<\/h2>\t\t\t\t<\/div>\n\t\t\t\t<\/div>\n\t\t\t\t\t<\/div>\n\t\t\t\t<\/div>\n\t\t<div class=\"elementor-element elementor-element-2d22637 e-flex e-con-boxed e-con e-parent\" data-id=\"2d22637\" data-element_type=\"container\" data-e-type=\"container\">\n\t\t\t\t\t<div class=\"e-con-inner\">\n\t\t<div class=\"elementor-element elementor-element-3adf58c e-con-full e-flex e-con e-child\" data-id=\"3adf58c\" data-element_type=\"container\" data-e-type=\"container\">\n\t\t\t\t<div class=\"elementor-element elementor-element-5261a28 elementor-widget elementor-widget-heading\" data-id=\"5261a28\" data-element_type=\"widget\" data-e-type=\"widget\" data-widget_type=\"heading.default\">\n\t\t\t\t<div class=\"elementor-widget-container\">\n\t\t\t\t\t<h5 class=\"elementor-heading-title elementor-size-default\">Pilates anywhere, anytime<\/h5>\t\t\t\t<\/div>\n\t\t\t\t<\/div>\n\t\t\t\t<div class=\"elementor-element elementor-element-6667281 elementor-widget elementor-widget-heading\" data-id=\"6667281\" data-element_type=\"widget\" data-e-type=\"widget\" data-widget_type=\"heading.default\">\n\t\t\t\t<div class=\"elementor-widget-container\">\n\t\t\t\t\t<h2 class=\"elementor-heading-title elementor-size-default\">UP Online subscription system\n<\/h2>\t\t\t\t<\/div>\n\t\t\t\t<\/div>\n\t\t\t\t<div class=\"elementor-element elementor-element-1248224 elementor-widget elementor-widget-text-editor\" data-id=\"1248224\" data-element_type=\"widget\" data-e-type=\"widget\" data-widget_type=\"text-editor.default\">\n\t\t\t\t<div class=\"elementor-widget-container\">\n\t\t\t\t\t\t\t\t\tVideos, downloads, inspiration and community - everything to help you incorporate Pilates into your everyday life.\t\t\t\t\t\t\t\t<\/div>\n\t\t\t\t<\/div>\n\t\t\t\t<div class=\"elementor-element elementor-element-6a623d2 elementor-align-center elementor-widget elementor-widget-button\" data-id=\"6a623d2\" data-element_type=\"widget\" data-e-type=\"widget\" data-widget_type=\"button.default\">\n\t\t\t\t<div class=\"elementor-widget-container\">\n\t\t\t\t\t\t\t\t\t<div class=\"elementor-button-wrapper\">\n\t\t\t\t\t<a class=\"elementor-button elementor-button-link elementor-size-sm elementor-animation-shrink\" href=\"https:\/\/api.flybuilt.hu\/widget\/form\/6Rhx2EMdA3gauOHOyRvu\" target=\"_blank\">\n\t\t\t\t\t\t<span class=\"elementor-button-content-wrapper\">\n\t\t\t\t\t\t\t\t\t<span class=\"elementor-button-text\">Let me know when it starts<\/span>\n\t\t\t\t\t<\/span>\n\t\t\t\t\t<\/a>\n\t\t\t\t<\/div>\n\t\t\t\t\t\t\t\t<\/div>\n\t\t\t\t<\/div>\n\t\t\t\t<\/div>\n\t\t\t\t\t<\/div>\n\t\t\t\t<\/div>\n\t\t\t\t<\/div>","protected":false},"excerpt":{"rendered":"<p>El\u0151fizet\u00e9ses rendszer (hamarosan) Pilates b\u00e1rhol, b\u00e1rmikor UP Online el\u0151fizet\u00e9ses rendszer Vide\u00f3k, let\u00f6lthet\u0151 anyagok, inspir\u00e1ci\u00f3 \u00e9s k\u00f6z\u00f6ss\u00e9g \u2013 minden, ami seg\u00edt be\u00e9p\u00edteni a pilatest a mindennapjaidba. \u00c9rtes\u00edts, ha indul<\/p>","protected":false},"author":1,"featured_media":0,"parent":0,"menu_order":0,"comment_status":"closed","ping_status":"closed","template":"elementor_header_footer","meta":{"footnotes":""},"class_list":["post-2528","page","type-page","status-publish","hentry"],"yoast_head":"<!-- This site is optimized with the Yoast SEO plugin v27.3 - https:\/\/yoast.com\/product\/yoast-seo-wordpress\/ -->\n<title>El\u0151fizet\u00e9s - Up Pilates Studiio<\/title>\n<meta name=\"robots\" content=\"index, follow, max-snippet:-1, max-image-preview:large, max-video-preview:-1\" \/>\n<link rel=\"canonical\" href=\"https:\/\/uppilatesstudio.hu\/en\/elofizetes\/\" \/>\n<meta property=\"og:locale\" content=\"en_GB\" \/>\n<meta property=\"og:type\" content=\"article\" \/>\n<meta property=\"og:title\" content=\"El\u0151fizet\u00e9s - Up Pilates Studiio\" \/>\n<meta property=\"og:description\" content=\"El\u0151fizet\u00e9ses rendszer (hamarosan) Pilates b\u00e1rhol, b\u00e1rmikor UP Online el\u0151fizet\u00e9ses rendszer Vide\u00f3k, let\u00f6lthet\u0151 anyagok, inspir\u00e1ci\u00f3 \u00e9s k\u00f6z\u00f6ss\u00e9g \u2013 minden, ami seg\u00edt be\u00e9p\u00edteni a pilatest a mindennapjaidba. \u00c9rtes\u00edts, ha indul\" \/>\n<meta property=\"og:url\" content=\"https:\/\/uppilatesstudio.hu\/en\/elofizetes\/\" \/>\n<meta property=\"og:site_name\" content=\"Up Pilates Studiio\" \/>\n<meta property=\"article:modified_time\" content=\"2025-11-24T12:52:29+00:00\" \/>\n<meta name=\"twitter:card\" content=\"summary_large_image\" \/>\n<meta name=\"twitter:label1\" content=\"Estimated reading time\" \/>\n\t<meta name=\"twitter:data1\" content=\"1 minute\" \/>\n<script type=\"application\/ld+json\" class=\"yoast-schema-graph\">{\"@context\":\"https:\\\/\\\/schema.org\",\"@graph\":[{\"@type\":\"WebPage\",\"@id\":\"https:\\\/\\\/uppilatesstudio.hu\\\/elofizetes\\\/\",\"url\":\"https:\\\/\\\/uppilatesstudio.hu\\\/elofizetes\\\/\",\"name\":\"El\u0151fizet\u00e9s - Up Pilates Studiio\",\"isPartOf\":{\"@id\":\"https:\\\/\\\/uppilatesstudio.hu\\\/#website\"},\"datePublished\":\"2025-10-09T07:30:49+00:00\",\"dateModified\":\"2025-11-24T12:52:29+00:00\",\"breadcrumb\":{\"@id\":\"https:\\\/\\\/uppilatesstudio.hu\\\/elofizetes\\\/#breadcrumb\"},\"inLanguage\":\"en-GB\",\"potentialAction\":[{\"@type\":\"ReadAction\",\"target\":[\"https:\\\/\\\/uppilatesstudio.hu\\\/elofizetes\\\/\"]}]},{\"@type\":\"BreadcrumbList\",\"@id\":\"https:\\\/\\\/uppilatesstudio.hu\\\/elofizetes\\\/#breadcrumb\",\"itemListElement\":[{\"@type\":\"ListItem\",\"position\":1,\"name\":\"Home\",\"item\":\"https:\\\/\\\/uppilatesstudio.hu\\\/\"},{\"@type\":\"ListItem\",\"position\":2,\"name\":\"El\u0151fizet\u00e9s\"}]},{\"@type\":\"WebSite\",\"@id\":\"https:\\\/\\\/uppilatesstudio.hu\\\/#website\",\"url\":\"https:\\\/\\\/uppilatesstudio.hu\\\/\",\"name\":\"Up Pilates Studiio\",\"description\":\"A karcs\u00fa, form\u00e1s test\u00e9rt \u00e9s er\u0151s izomzat\u00e9rt!\",\"publisher\":{\"@id\":\"https:\\\/\\\/uppilatesstudio.hu\\\/#organization\"},\"potentialAction\":[{\"@type\":\"SearchAction\",\"target\":{\"@type\":\"EntryPoint\",\"urlTemplate\":\"https:\\\/\\\/uppilatesstudio.hu\\\/?s={search_term_string}\"},\"query-input\":{\"@type\":\"PropertyValueSpecification\",\"valueRequired\":true,\"valueName\":\"search_term_string\"}}],\"inLanguage\":\"en-GB\"},{\"@type\":\"Organization\",\"@id\":\"https:\\\/\\\/uppilatesstudio.hu\\\/#organization\",\"name\":\"Up Pilates Studiio\",\"url\":\"https:\\\/\\\/uppilatesstudio.hu\\\/\",\"logo\":{\"@type\":\"ImageObject\",\"inLanguage\":\"en-GB\",\"@id\":\"https:\\\/\\\/uppilatesstudio.hu\\\/#\\\/schema\\\/logo\\\/image\\\/\",\"url\":\"https:\\\/\\\/uppilatesstudio.hu\\\/wp-content\\\/uploads\\\/2017\\\/04\\\/logo.jpg\",\"contentUrl\":\"https:\\\/\\\/uppilatesstudio.hu\\\/wp-content\\\/uploads\\\/2017\\\/04\\\/logo.jpg\",\"width\":749,\"height\":987,\"caption\":\"Up Pilates Studiio\"},\"image\":{\"@id\":\"https:\\\/\\\/uppilatesstudio.hu\\\/#\\\/schema\\\/logo\\\/image\\\/\"}}]}<\/script>\n<!-- \/ Yoast SEO plugin. -->","yoast_head_json":{"title":"El\u0151fizet\u00e9s - Up Pilates Studiio","robots":{"index":"index","follow":"follow","max-snippet":"max-snippet:-1","max-image-preview":"max-image-preview:large","max-video-preview":"max-video-preview:-1"},"canonical":"https:\/\/uppilatesstudio.hu\/en\/elofizetes\/","og_locale":"en_GB","og_type":"article","og_title":"El\u0151fizet\u00e9s - Up Pilates Studiio","og_description":"El\u0151fizet\u00e9ses rendszer (hamarosan) Pilates b\u00e1rhol, b\u00e1rmikor UP Online el\u0151fizet\u00e9ses rendszer Vide\u00f3k, let\u00f6lthet\u0151 anyagok, inspir\u00e1ci\u00f3 \u00e9s k\u00f6z\u00f6ss\u00e9g \u2013 minden, ami seg\u00edt be\u00e9p\u00edteni a pilatest a mindennapjaidba. \u00c9rtes\u00edts, ha indul","og_url":"https:\/\/uppilatesstudio.hu\/en\/elofizetes\/","og_site_name":"Up Pilates Studiio","article_modified_time":"2025-11-24T12:52:29+00:00","twitter_card":"summary_large_image","twitter_misc":{"Estimated reading time":"1 minute"},"schema":{"@context":"https:\/\/schema.org","@graph":[{"@type":"WebPage","@id":"https:\/\/uppilatesstudio.hu\/elofizetes\/","url":"https:\/\/uppilatesstudio.hu\/elofizetes\/","name":"El\u0151fizet\u00e9s - Up Pilates Studiio","isPartOf":{"@id":"https:\/\/uppilatesstudio.hu\/#website"},"datePublished":"2025-10-09T07:30:49+00:00","dateModified":"2025-11-24T12:52:29+00:00","breadcrumb":{"@id":"https:\/\/uppilatesstudio.hu\/elofizetes\/#breadcrumb"},"inLanguage":"en-GB","potentialAction":[{"@type":"ReadAction","target":["https:\/\/uppilatesstudio.hu\/elofizetes\/"]}]},{"@type":"BreadcrumbList","@id":"https:\/\/uppilatesstudio.hu\/elofizetes\/#breadcrumb","itemListElement":[{"@type":"ListItem","position":1,"name":"Home","item":"https:\/\/uppilatesstudio.hu\/"},{"@type":"ListItem","position":2,"name":"El\u0151fizet\u00e9s"}]},{"@type":"WebSite","@id":"https:\/\/uppilatesstudio.hu\/#website","url":"https:\/\/uppilatesstudio.hu\/","name":"Up Pilates Studio","description":"For a slim, shapely body and strong muscles!","publisher":{"@id":"https:\/\/uppilatesstudio.hu\/#organization"},"potentialAction":[{"@type":"SearchAction","target":{"@type":"EntryPoint","urlTemplate":"https:\/\/uppilatesstudio.hu\/?s={search_term_string}"},"query-input":{"@type":"PropertyValueSpecification","valueRequired":true,"valueName":"search_term_string"}}],"inLanguage":"en-GB"},{"@type":"Organization","@id":"https:\/\/uppilatesstudio.hu\/#organization","name":"Up Pilates Studio","url":"https:\/\/uppilatesstudio.hu\/","logo":{"@type":"ImageObject","inLanguage":"en-GB","@id":"https:\/\/uppilatesstudio.hu\/#\/schema\/logo\/image\/","url":"https:\/\/uppilatesstudio.hu\/wp-content\/uploads\/2017\/04\/logo.jpg","contentUrl":"https:\/\/uppilatesstudio.hu\/wp-content\/uploads\/2017\/04\/logo.jpg","width":749,"height":987,"caption":"Up Pilates Studiio"},"image":{"@id":"https:\/\/uppilatesstudio.hu\/#\/schema\/logo\/image\/"}}]}},"_links":{"self":[{"href":"https:\/\/uppilatesstudio.hu\/en\/wp-json\/wp\/v2\/pages\/2528","targetHints":{"allow":["GET"]}}],"collection":[{"href":"https:\/\/uppilatesstudio.hu\/en\/wp-json\/wp\/v2\/pages"}],"about":[{"href":"https:\/\/uppilatesstudio.hu\/en\/wp-json\/wp\/v2\/types\/page"}],"author":[{"embeddable":true,"href":"https:\/\/uppilatesstudio.hu\/en\/wp-json\/wp\/v2\/users\/1"}],"replies":[{"embeddable":true,"href":"https:\/\/uppilatesstudio.hu\/en\/wp-json\/wp\/v2\/comments?post=2528"}],"version-history":[{"count":19,"href":"https:\/\/uppilatesstudio.hu\/en\/wp-json\/wp\/v2\/pages\/2528\/revisions"}],"predecessor-version":[{"id":2892,"href":"https:\/\/uppilatesstudio.hu\/en\/wp-json\/wp\/v2\/pages\/2528\/revisions\/2892"}],"wp:attachment":[{"href":"https:\/\/uppilatesstudio.hu\/en\/wp-json\/wp\/v2\/media?parent=2528"}],"curies":[{"name":"wp","href":"https:\/\/api.w.org\/{rel}","templated":true}]}}