{"id":159,"date":"2017-04-26T15:25:06","date_gmt":"2017-04-26T13:25:06","guid":{"rendered":"http:\/\/pilates.sport.hu\/?page_id=159"},"modified":"2017-04-26T15:27:24","modified_gmt":"2017-04-26T13:27:24","slug":"pilates-csoportos-orak","status":"publish","type":"page","link":"https:\/\/uppilatesstudio.hu\/en\/pilates-csoportos-orak\/","title":{"rendered":"Pilates group classes"},"content":{"rendered":"<p>[MEC id=\"161\u2033]<\/p>","protected":false},"excerpt":{"rendered":"<p>[MEC id=\"161\u2033]<\/p>","protected":false},"author":1,"featured_media":0,"parent":0,"menu_order":0,"comment_status":"closed","ping_status":"closed","template":"","meta":{"footnotes":""},"class_list":["post-159","page","type-page","status-publish","hentry"],"yoast_head":"<!-- This site is optimized with the Yoast SEO plugin v27.3 - https:\/\/yoast.com\/product\/yoast-seo-wordpress\/ -->\n<title>Pilates csoportos \u00f3r\u00e1k - Up Pilates Studiio<\/title>\n<meta name=\"robots\" content=\"index, follow, max-snippet:-1, max-image-preview:large, max-video-preview:-1\" \/>\n<link rel=\"canonical\" href=\"https:\/\/uppilatesstudio.hu\/en\/pilates-csoportos-orak\/\" \/>\n<meta property=\"og:locale\" content=\"en_GB\" \/>\n<meta property=\"og:type\" content=\"article\" \/>\n<meta property=\"og:title\" content=\"Pilates csoportos \u00f3r\u00e1k - Up Pilates Studiio\" \/>\n<meta property=\"og:description\" content=\"[MEC id=&#8221;161&#8243;]\" \/>\n<meta property=\"og:url\" content=\"https:\/\/uppilatesstudio.hu\/en\/pilates-csoportos-orak\/\" \/>\n<meta property=\"og:site_name\" content=\"Up Pilates Studiio\" \/>\n<meta property=\"article:modified_time\" content=\"2017-04-26T13:27:24+00:00\" \/>\n<meta name=\"twitter:card\" content=\"summary_large_image\" \/>\n<script type=\"application\/ld+json\" class=\"yoast-schema-graph\">{\"@context\":\"https:\\\/\\\/schema.org\",\"@graph\":[{\"@type\":\"WebPage\",\"@id\":\"https:\\\/\\\/uppilatesstudio.hu\\\/pilates-csoportos-orak\\\/\",\"url\":\"https:\\\/\\\/uppilatesstudio.hu\\\/pilates-csoportos-orak\\\/\",\"name\":\"Pilates csoportos \u00f3r\u00e1k - Up Pilates Studiio\",\"isPartOf\":{\"@id\":\"https:\\\/\\\/uppilatesstudio.hu\\\/#website\"},\"datePublished\":\"2017-04-26T13:25:06+00:00\",\"dateModified\":\"2017-04-26T13:27:24+00:00\",\"breadcrumb\":{\"@id\":\"https:\\\/\\\/uppilatesstudio.hu\\\/pilates-csoportos-orak\\\/#breadcrumb\"},\"inLanguage\":\"en-GB\",\"potentialAction\":[{\"@type\":\"ReadAction\",\"target\":[\"https:\\\/\\\/uppilatesstudio.hu\\\/pilates-csoportos-orak\\\/\"]}]},{\"@type\":\"BreadcrumbList\",\"@id\":\"https:\\\/\\\/uppilatesstudio.hu\\\/pilates-csoportos-orak\\\/#breadcrumb\",\"itemListElement\":[{\"@type\":\"ListItem\",\"position\":1,\"name\":\"Home\",\"item\":\"https:\\\/\\\/uppilatesstudio.hu\\\/\"},{\"@type\":\"ListItem\",\"position\":2,\"name\":\"Pilates csoportos \u00f3r\u00e1k\"}]},{\"@type\":\"WebSite\",\"@id\":\"https:\\\/\\\/uppilatesstudio.hu\\\/#website\",\"url\":\"https:\\\/\\\/uppilatesstudio.hu\\\/\",\"name\":\"Up Pilates Studiio\",\"description\":\"A karcs\u00fa, form\u00e1s test\u00e9rt \u00e9s er\u0151s izomzat\u00e9rt!\",\"publisher\":{\"@id\":\"https:\\\/\\\/uppilatesstudio.hu\\\/#organization\"},\"potentialAction\":[{\"@type\":\"SearchAction\",\"target\":{\"@type\":\"EntryPoint\",\"urlTemplate\":\"https:\\\/\\\/uppilatesstudio.hu\\\/?s={search_term_string}\"},\"query-input\":{\"@type\":\"PropertyValueSpecification\",\"valueRequired\":true,\"valueName\":\"search_term_string\"}}],\"inLanguage\":\"en-GB\"},{\"@type\":\"Organization\",\"@id\":\"https:\\\/\\\/uppilatesstudio.hu\\\/#organization\",\"name\":\"Up Pilates Studiio\",\"url\":\"https:\\\/\\\/uppilatesstudio.hu\\\/\",\"logo\":{\"@type\":\"ImageObject\",\"inLanguage\":\"en-GB\",\"@id\":\"https:\\\/\\\/uppilatesstudio.hu\\\/#\\\/schema\\\/logo\\\/image\\\/\",\"url\":\"https:\\\/\\\/uppilatesstudio.hu\\\/wp-content\\\/uploads\\\/2017\\\/04\\\/logo.jpg\",\"contentUrl\":\"https:\\\/\\\/uppilatesstudio.hu\\\/wp-content\\\/uploads\\\/2017\\\/04\\\/logo.jpg\",\"width\":749,\"height\":987,\"caption\":\"Up Pilates Studiio\"},\"image\":{\"@id\":\"https:\\\/\\\/uppilatesstudio.hu\\\/#\\\/schema\\\/logo\\\/image\\\/\"}}]}<\/script>\n<!-- \/ Yoast SEO plugin. -->","yoast_head_json":{"title":"Pilates csoportos \u00f3r\u00e1k - Up Pilates Studiio","robots":{"index":"index","follow":"follow","max-snippet":"max-snippet:-1","max-image-preview":"max-image-preview:large","max-video-preview":"max-video-preview:-1"},"canonical":"https:\/\/uppilatesstudio.hu\/en\/pilates-csoportos-orak\/","og_locale":"en_GB","og_type":"article","og_title":"Pilates csoportos \u00f3r\u00e1k - Up Pilates Studiio","og_description":"[MEC id=&#8221;161&#8243;]","og_url":"https:\/\/uppilatesstudio.hu\/en\/pilates-csoportos-orak\/","og_site_name":"Up Pilates Studiio","article_modified_time":"2017-04-26T13:27:24+00:00","twitter_card":"summary_large_image","schema":{"@context":"https:\/\/schema.org","@graph":[{"@type":"WebPage","@id":"https:\/\/uppilatesstudio.hu\/pilates-csoportos-orak\/","url":"https:\/\/uppilatesstudio.hu\/pilates-csoportos-orak\/","name":"Pilates csoportos \u00f3r\u00e1k - Up Pilates Studiio","isPartOf":{"@id":"https:\/\/uppilatesstudio.hu\/#website"},"datePublished":"2017-04-26T13:25:06+00:00","dateModified":"2017-04-26T13:27:24+00:00","breadcrumb":{"@id":"https:\/\/uppilatesstudio.hu\/pilates-csoportos-orak\/#breadcrumb"},"inLanguage":"en-GB","potentialAction":[{"@type":"ReadAction","target":["https:\/\/uppilatesstudio.hu\/pilates-csoportos-orak\/"]}]},{"@type":"BreadcrumbList","@id":"https:\/\/uppilatesstudio.hu\/pilates-csoportos-orak\/#breadcrumb","itemListElement":[{"@type":"ListItem","position":1,"name":"Home","item":"https:\/\/uppilatesstudio.hu\/"},{"@type":"ListItem","position":2,"name":"Pilates csoportos \u00f3r\u00e1k"}]},{"@type":"WebSite","@id":"https:\/\/uppilatesstudio.hu\/#website","url":"https:\/\/uppilatesstudio.hu\/","name":"Up Pilates Studio","description":"For a slim, shapely body and strong muscles!","publisher":{"@id":"https:\/\/uppilatesstudio.hu\/#organization"},"potentialAction":[{"@type":"SearchAction","target":{"@type":"EntryPoint","urlTemplate":"https:\/\/uppilatesstudio.hu\/?s={search_term_string}"},"query-input":{"@type":"PropertyValueSpecification","valueRequired":true,"valueName":"search_term_string"}}],"inLanguage":"en-GB"},{"@type":"Organization","@id":"https:\/\/uppilatesstudio.hu\/#organization","name":"Up Pilates Studio","url":"https:\/\/uppilatesstudio.hu\/","logo":{"@type":"ImageObject","inLanguage":"en-GB","@id":"https:\/\/uppilatesstudio.hu\/#\/schema\/logo\/image\/","url":"https:\/\/uppilatesstudio.hu\/wp-content\/uploads\/2017\/04\/logo.jpg","contentUrl":"https:\/\/uppilatesstudio.hu\/wp-content\/uploads\/2017\/04\/logo.jpg","width":749,"height":987,"caption":"Up Pilates Studiio"},"image":{"@id":"https:\/\/uppilatesstudio.hu\/#\/schema\/logo\/image\/"}}]}},"_links":{"self":[{"href":"https:\/\/uppilatesstudio.hu\/en\/wp-json\/wp\/v2\/pages\/159","targetHints":{"allow":["GET"]}}],"collection":[{"href":"https:\/\/uppilatesstudio.hu\/en\/wp-json\/wp\/v2\/pages"}],"about":[{"href":"https:\/\/uppilatesstudio.hu\/en\/wp-json\/wp\/v2\/types\/page"}],"author":[{"embeddable":true,"href":"https:\/\/uppilatesstudio.hu\/en\/wp-json\/wp\/v2\/users\/1"}],"replies":[{"embeddable":true,"href":"https:\/\/uppilatesstudio.hu\/en\/wp-json\/wp\/v2\/comments?post=159"}],"version-history":[{"count":2,"href":"https:\/\/uppilatesstudio.hu\/en\/wp-json\/wp\/v2\/pages\/159\/revisions"}],"predecessor-version":[{"id":163,"href":"https:\/\/uppilatesstudio.hu\/en\/wp-json\/wp\/v2\/pages\/159\/revisions\/163"}],"wp:attachment":[{"href":"https:\/\/uppilatesstudio.hu\/en\/wp-json\/wp\/v2\/media?parent=159"}],"curies":[{"name":"wp","href":"https:\/\/api.w.org\/{rel}","templated":true}]}}